{"id":3936,"date":"2025-07-18T09:02:40","date_gmt":"2025-07-18T09:02:40","guid":{"rendered":"https:\/\/calmarte123.com\/?page_id=3936"},"modified":"2025-07-18T09:21:27","modified_gmt":"2025-07-18T09:21:27","slug":"condiciones-generales","status":"publish","type":"page","link":"https:\/\/calmarte123.com\/en\/condiciones-generales\/","title":{"rendered":"Condiciones Generales"},"content":{"rendered":"<div data-elementor-type=\"wp-page\" data-elementor-id=\"3936\" class=\"elementor elementor-3936\" data-elementor-post-type=\"page\">\n\t\t\t\t\t\t<section class=\"elementor-section elementor-top-section elementor-element elementor-element-6e74f6a elementor-section-boxed elementor-section-height-default elementor-section-height-default\" data-id=\"6e74f6a\" data-element_type=\"section\" data-e-type=\"section\">\n\t\t\t\t\t\t<div class=\"elementor-container elementor-column-gap-default\">\n\t\t\t\t\t<div class=\"elementor-column elementor-col-100 elementor-top-column elementor-element elementor-element-8b4bb34\" data-id=\"8b4bb34\" data-element_type=\"column\" data-e-type=\"column\">\n\t\t\t<div class=\"elementor-widget-wrap elementor-element-populated\">\n\t\t\t\t\t\t<div class=\"elementor-element elementor-element-bedd0ea elementor-widget elementor-widget-text-editor\" data-id=\"bedd0ea\" data-element_type=\"widget\" data-e-type=\"widget\" data-widget_type=\"text-editor.default\">\n\t\t\t\t<div class=\"elementor-widget-container\">\n\t\t\t\t\t\t\t\t\t<p><\/p>\n<h1><b>Condiciones generales de contrataci\u00f3n<\/b><\/h1>\n<p>\u00daltima actualizaci\u00f3n: 23\/05\/2025<\/p>\n<h2><b>1 \u2013 Datos identificativos del responsable de la web<\/b><\/h2>\n<p>Tal y como recoge la Ley 34\/2002, de 11 de julio, de servicios de la sociedad de la informaci\u00f3n y de comercio electr\u00f3nico, le informo que hasta el 28\/06\/2024:<\/p>\n<ul>\n<li aria-level=\"1\">Nuestra denominaci\u00f3n social es: Gemma S\u00e1nchez Duque<span style=\"font-size: 18px; -webkit-text-size-adjust: 100%;\">.<\/span><\/li>\n<li aria-level=\"1\">Nuestro NIF 71954529H.<\/li>\n<li aria-level=\"1\">Nuestro domicilio social se encuentra en Cl Dominguez Alfonso, 9, Arona, 38640, Espa\u00f1a.<\/li>\n<li aria-level=\"1\">Email: calmarte123g@gmail.com<\/li>\n<li aria-level=\"1\">Nuestra actividad social es: Consultor\u00eda y asesor\u00edas de viaje.<\/li>\n<\/ul>\n<div>\n<h3>&nbsp;<\/h3>\n<\/div>\n<h2><b>2 \u2013 Objeto de las condiciones<\/b><\/h2>\n<p>Las presentes condiciones generales tienen por objeto regular expresamente las condiciones aplicables a los procesos de contrataci\u00f3n llevados a cabo por los usuarios \u201cCliente\u201d de los servicios ofrecidos por parte de CALMARTE123 a trav\u00e9s de su sitio web https:\/\/calmarte123.com<\/p>\n<p>Estas condiciones permanecer\u00e1n en vigor y ser\u00e1n validas durante todo el tiempo que est\u00e9n accesible a trav\u00e9s del sitio web, todo ello sin perjuicio de que Gemma S\u00e1nchez Duque se reserva el derecho a modificar, sin previo aviso, las condiciones generales as\u00ed como cualquiera de los textos legales que se encuentren en dicho sitio web. En todo caso, el acceso a la Web tras su modificaci\u00f3n, inclusi\u00f3n y\/o sustituci\u00f3n, implica la aceptaci\u00f3n de los mismos por parte del usuario.<\/p>\n<p>El cliente se encuentra sujeto a las condiciones generales vigentes en cada uno de los momentos de realizar la contrataci\u00f3n correspondiente, no siendo posible la contrataci\u00f3n de servicio alguno sin la previa aceptaci\u00f3n de las presentes condiciones generales de contrataci\u00f3n.<\/p>\n<h2><b>3 \u2013 Intervinientes<\/b><\/h2>\n<p>El proceso de contrataci\u00f3n electr\u00f3nica a trav\u00e9s del sitio web https:\/\/calmarte123.com ser\u00e1 realizado entre el \u201cCliente\u201d y \u201cGEMMA S\u00c1NCHEZ DUQUE\u201d.<\/p>\n<p>Tendr\u00e1n la consideraci\u00f3n de \u201cCliente\u201d del sitio web aquellos consumidores que sean personas f\u00edsicas, que se registren mediante el formulario establecido rellenando sus datos de nombre, apellidos, direcci\u00f3n, ciudad, pa\u00eds, estado, c\u00f3digo postal, email y contrase\u00f1a, y hayan realizado el pago correspondiente para tener acceso al cualquiera de los servicios\/productos en venta.<\/p>\n<h2><b>4 \u2013 Derecho de exclusi\u00f3n<\/b><\/h2>\n<p>GEMMA S\u00c1NCHEZ DUQUE se reserva el derecho a denegar o retirar el acceso al portal y\/o los servicios ofrecidos sin necesidad de pre-aviso, a instancia propia o de un tercero, a aquellos usuarios que incumplan las presentes Condiciones Generales.<\/p>\n<h2><b>5 \u2013 Proceso de contrataci\u00f3n electr\u00f3nica<\/b><\/h2>\n<p>El proceso de contrataci\u00f3n electr\u00f3nica se dividir\u00e1 en 2 fases.<\/p>\n<p>Primera Fase. El usuario tras visualizar una p\u00e1gina de venta, proceder\u00e1 a rellenar un formulario y el pago de la reserva del servicio que ofrece Gemma S\u00e1nchez Duque.<\/p>\n<p>Segunda Fase. El resto del pago se llevar\u00e1 a cabo e forma presencial una vez en el retiro.<\/p>\n<h2><b>6 \u2013 Condiciones econ\u00f3micas y forma de pago<\/b><\/h2>\n<h3><b>6.1- \u00bfQu\u00e9 productos tenemos en Calmarte123?<\/b><\/h3>\n<ul>\n<li aria-level=\"1\">Retiro de reconexi\u00f3n con uno mismo<\/li>\n<li aria-level=\"1\">Venta de productos&nbsp;<\/li>\n<\/ul>\n<p>Los precios de acceso a todos los servicios incluyen IVA.<\/p>\n<p>Tal y como recoge la Ley 37\/1992, de 28 de diciembre, reguladora del Impuesto Sobre Valor A\u00f1adido (IVA) y la&nbsp; Directiva Europea 2008\/8\/CE, la operaci\u00f3n puede resultar exenta o no sujeta al mismo en funci\u00f3n del pa\u00eds de residencia del comprador y de la condici\u00f3n en la que act\u00faa el mismo (empresario\/profesional o particular).<\/p>\n<p>El precio final de tu pedido puede variar dependiendo del tipo impositivo de IVA que se aplique al pedido. Para los pedidos con destino a otros pa\u00edses de la Uni\u00f3n Europea, el IVA espa\u00f1ol ser\u00e1 deducido y se aplicar\u00e1 el tipo impositivo de IVA correspondiente al pa\u00eds de destino. El precio final aparecer\u00e1 durante la confirmaci\u00f3n de tu pedido y reflejar\u00e1 el tipo impositivo de IVA correspondiente al pa\u00eds de destino de los productos.<\/p>\n<p>Los precios de los Servicios pueden cambiar en cualquier momento a discreci\u00f3n \u00fanica y exclusiva de Miren Josune Herencia Alvaro. Los Servicios no brindan protecci\u00f3n de precios o reembolsos en el caso de reducci\u00f3n de precios u ofertas promocionales.<\/p>\n<h3><b>6.2- Formas de pago<\/b><\/h3>\n<p>El pago se efectuar\u00e1 a trav\u00e9s de transferencia bancaria o Bizum admitiendo cualquiera de los siguientes medios:<\/p>\n<p>Visa\/Mastercard\/American Express; el usuario deber\u00e1 proporcionar el nombre del titular de la tarjeta, el n\u00famero, la fecha de caducidad y el CVV.<\/p>\n<h3><b>6.3- Idioma<\/b><\/h3>\n<p>Por ahora, el idioma que ofrecemos en nuestros productos y servicios es en espa\u00f1ol.<\/p>\n<h2><b>7 \u2013 Propiedad intelectual e industrial<\/b><\/h2>\n<p>Gemma S\u00e1nchez Duque por s\u00ed o como cesionario, es titular de todos los derechos de propiedad intelectual e industrial de su p\u00e1gina web, as\u00ed como de los elementos contenidos en la misma (a t\u00edtulo enunciativo, im\u00e1genes, sonido, audio, v\u00eddeo, software o textos; marcas o logotipos, combinaciones de colores, estructura y dise\u00f1o, selecci\u00f3n de materiales usados, programas de ordenador necesarios para su funcionamiento, acceso y uso, etc.), titularidad de Gemma S\u00e1nchez Duque o bien de sus licenciantes. Todos los derechos reservados.<\/p>\n<p>Cualquier uso no autorizado previamente por Gemma S\u00e1nchez Duque, ser\u00e1 considerado un incumplimiento grave de los derechos de propiedad intelectual o industrial del autor.<\/p>\n<p>Quedan expresamente prohibidas la reproducci\u00f3n, la distribuci\u00f3n y la comunicaci\u00f3n p\u00fablica, incluida su modalidad de puesta a disposici\u00f3n, de la totalidad o parte de los contenidos de esta p\u00e1gina web, con fines comerciales, en cualquier soporte y por cualquier medio t\u00e9cnico, sin la autorizaci\u00f3n de Gemma S\u00e1nchez Duque.<\/p>\n<p>El CLIENTE se compromete a respetar los derechos de Propiedad Intelectual e Industrial titularidad de&nbsp;<span style=\"font-family: Quicksand, sans-serif; font-size: 18px; font-style: normal; font-variant-caps: normal; -webkit-text-size-adjust: 100%;\">Gemma S\u00e1nchez Duque<\/span><span style=\"font-size: 18px; -webkit-text-size-adjust: 100%;\">. Podr\u00e1 visualizar \u00fanicamente los elementos de la web sin posibilidad de imprimirlos, copiarlos o almacenarlos en el disco duro de su ordenador o en cualquier otro soporte f\u00edsico. El USUARIO deber\u00e1 abstenerse de suprimir, alterar, eludir o manipular cualquier dispositivo de protecci\u00f3n o sistema de seguridad que estuviera instalado en las p\u00e1ginas de&nbsp;<\/span><span style=\"font-family: Quicksand, sans-serif; font-size: 18px; font-style: normal; font-variant-caps: normal; -webkit-text-size-adjust: 100%;\">Gemma S\u00e1nchez Duque.<\/span><\/p>\n<h3>&nbsp;<\/h3>\n<h2><b>8 \u2013 Derecho de desistimiento<\/b><\/h2>\n<p>Al \u201cCliente\u201d se le reconoce el derecho de desistimiento de la compra efectuada, si no queda satisfecho. Podr\u00e1 solicitar la devoluci\u00f3n del importe abonado siempre seg\u00fan las condiciones particulares indicadas en el siguiente apartado por <span style=\"font-family: Quicksand, sans-serif; font-size: 18px; font-style: normal; font-variant-caps: normal; -webkit-text-size-adjust: 100%;\">Gemma S\u00e1nchez Duque.<\/span><span style=\"color: #333333; font-size: 20px; font-weight: 600; -webkit-text-size-adjust: 100%;\">&nbsp;<\/span><\/p>\n<p><b>8.1. <\/b>CALMARTE123&nbsp;podr\u00e1 cancelar el contrato y reembolsar a EL CLIENTE la totalidad de los pagos que este haya realizado, sin que quepa compensaci\u00f3n adicional alguna, si concurre alguna de las siguientes circunstancias:<\/p>\n<ul>\n<li aria-level=\"1\">El n\u00famero de personas inscritas para el viaje en grupo es inferior a 5 y CALMARTE123 notifica a EL CLIENTE la cancelaci\u00f3n con una antelaci\u00f3n m\u00ednima de VEINTE D\u00cdAS NATURALES respecto del inicio del viaje.<\/li>\n<li aria-level=\"1\">CALMARTE123 se ve en la imposibilidad de ejecutar el contrato por circunstancias inevitables y extraordinarias y se notifica la cancelaci\u00f3n a EL CLIENTE sin demora indebida antes del inicio del viaje.<\/li>\n<\/ul>\n<p>Por su parte, CALMARTE123 se reserva el derecho de rescindir anticipadamente el presente contrato por incumplimiento por parte de EL CLIENTE de las normas b\u00e1sicas de convivencia durante el viaje, en cuyo caso MOCHILEROS MERAKI devolver\u00e1 a EL CLIENTE la parte proporcional del precio del servicio que est\u00e9 pendiente de ejecuci\u00f3n al momento de la finalizaci\u00f3n, \u00fanicamente si se corresponde con servicios que admitan el reembolso pese a haberse comenzado ya su ejecuci\u00f3n y que los proveedores de dichos servicios efectivamente consientan dicho reembolso.<\/p>\n<h2>&nbsp;<\/h2>\n<p><b>8.2.<\/b> EL CLIENTE podr\u00e1 cancelar antes del inicio del viaje, sea raz\u00f3n justificada o no. Si bien deber\u00e1 abonar la cantidad siguiente en concepto de penalizaci\u00f3n.<\/p>\n<p>LA RESERVA: Despu\u00e9s de hacer la reserva del viaje (250\u20ac) este pago no se devolver\u00e1.<\/p>\n<p>No obstante lo dispuesto en el apartado anterior, cuando concurran circunstancias inevitables y extraordinarias en el lugar de destino o en las inmediaciones que afecten de forma significativa a la ejecuci\u00f3n del viaje, EL CLIENTE tendr\u00e1 derecho a resolver el contrato antes del inicio del mismo sin pagar ninguna penalizaci\u00f3n, pero no el derecho a una compensaci\u00f3n adicional.<\/p>\n<p>En caso de que EL CLIENTE&nbsp; no pueda realizar el viaje por causas personales fuera de los plazos indicados en el apartado anterior, EL CLIENTE tendr\u00e1 que abonar las cantidades estipuladas en los plazos indicados.<\/p>\n<p>En tanto CALMARTE123 no incluye el servicio de transporte internacional ni transporte nacional en el pa\u00eds de origen hasta a llegada al aeropuerto de destino.<\/p>\n<p>El derecho de desistimiento se podr\u00e1 ejercer mediante correo electr\u00f3nico enviado a calmarte123g@gmail.com solicitando la devoluci\u00f3n del importe abonado que se efectuar\u00e1 dentro de los 14 d\u00edas naturales siguientes desde la fecha en que se haya realizado tal comunicaci\u00f3n siempre y cuando el desestimiento cumpla los plazos indicados.<\/p>\n<p>Se excluye del derecho de desistimiento:<\/p>\n<p>Tras la finalizaci\u00f3n del plazo indicado anteriormente.<b>&nbsp;<\/b><\/p>\n<h2><b>9 \u2013 Exoneraci\u00f3n de responsabilidades<\/b><\/h2>\n<p>Gemma S\u00e1nchez Duque no puede garantizar la continuidad t\u00e9cnica del Sitio Web, la ausencia de fallo o interrupciones del servicio ni que el Sitio Web estar\u00e1 disponible o accesible el cien por cien del tiempo por causas ajenas o causas fortuitas y\/o de fuerza mayor, virus, ataques inform\u00e1ticos y\/o actuaciones de terceros que ocasionen la imposibilidad total o parcial de la prestaci\u00f3n de los servicios as\u00ed como otras causas imprevisibles como pudieren ser el incorrecto funcionamiento de internet.<\/p>\n<h2><b>10 \u2013 Tratamiento de datos personales<\/b><\/h2>\n<p>Toda informaci\u00f3n proporcionada durante el proceso de contrataci\u00f3n ser\u00e1 almacenada por Gemma S\u00e1nchez Duque en su calidad de responsable del fichero.<\/p>\n<p>Del mismo modo, y salvo que el cliente haya mostrado su oposici\u00f3n expresa, el usuario consiente expresamente el tratamiento de sus datos personales para remitir informaci\u00f3n de inter\u00e9s, novedades y ofertas sobre los productos y servicios a trav\u00e9s de cualquier medio, incluyendo correo electr\u00f3nico.<\/p>\n<p>Podr\u00e1s dirigir tus comunicaciones y ejercitar los derechos de acceso, rectificaci\u00f3n, cancelaci\u00f3n y oposici\u00f3n a trav\u00e9s del orreo electr\u00f3nico: calmarte123g@gmail.com junto con prueba v\u00e1lida en derecho, como fotocopia del D.N.I. o equivalente, indicando en el asunto \u201cPROTECCI\u00d3N DE DATOS\u201d.<\/p>\n<h2><b>11 \u2013 Causas de disoluci\u00f3n de contrato<\/b><\/h2>\n<p>La disoluci\u00f3n del contrato de servicios puede ocurrir en cualquier momento por cualquiera de las dos partes.<\/p>\n<p>No est\u00e1s obligado a condiciones de permanencia con Gemma S\u00e1nchez Duque si no est\u00e1s satisfecho con nuestro servicio.<\/p>\n<p>Gemma S\u00e1nchez Duque puede terminar o suspender cualquier y todos los Servicios contratados con&nbsp;<span style=\"font-family: Quicksand, sans-serif; font-size: 18px; font-style: normal; font-variant-caps: normal; -webkit-text-size-adjust: 100%;\">Gemma S\u00e1nchez Duque&nbsp;<\/span><span style=\"font-size: 18px; -webkit-text-size-adjust: 100%;\">inmediatamente, sin previo aviso o responsabilidad, en caso de que t\u00fa no cumplas con las condiciones aqu\u00ed expuestas.<\/span><\/p>\n<p>A la disoluci\u00f3n del contrato, tu derecho a utilizar los Servicios cesar\u00e1 inmediatamente. Ser\u00e1n causas de disoluci\u00f3n de contrato:<\/p>\n<ul>\n<li aria-level=\"1\">La falsedad, en todo o en parte, de los datos suministrados en el proceso de contrataci\u00f3n de cualquier servicio.<\/li>\n<li aria-level=\"1\">Alterar, eludir, realizar ingenier\u00eda inversa, descompilar, desmontar o alterar de ning\u00fan modo de la tecnolog\u00eda de seguridad aportada por&nbsp;<span style=\"font-family: Quicksand, sans-serif; font-size: 18px; font-style: normal; font-variant-caps: normal;\">Gemma S\u00e1nchez Duque<\/span><\/li>\n<li aria-level=\"1\">Tambi\u00e9n los casos de abuso de los servicios de soporte por el requerimiento de m\u00e1s horas de las establecidas en el contrato.<\/li>\n<li aria-level=\"1\">Cualquier incumplimiento establecido a lo largo de las condiciones.<\/li>\n<\/ul>\n<p>La disoluci\u00f3n implica la p\u00e9rdida de sus derechos sobre el servicio contratado.<\/p>\n<h2><b>12 \u2013 Legislaci\u00f3n aplicable y jurisdicci\u00f3n<\/b><\/h2>\n<p>La relaci\u00f3n entre GEMMA S\u00c1NCHEZ DUQUE y el CLIENTE se regir\u00e1 por la normativa espa\u00f1ola vigente y cualquier controversia se someter\u00e1 a los Juzgados y tribunales de Tenerife, salvo que la Ley aplicable disponga otra cosa.<\/p>\n<p>Condiciones Generales de Contrataci\u00f3n a 22 de Mayo de 2023.<\/p>\t\t\t\t\t\t\t\t<\/div>\n\t\t\t\t<\/div>\n\t\t\t\t\t<\/div>\n\t\t<\/div>\n\t\t\t\t\t<\/div>\n\t\t<\/section>\n\t\t\t\t<\/div>","protected":false},"excerpt":{"rendered":"<p>Condiciones generales de contrataci\u00f3n \u00daltima actualizaci\u00f3n: 23\/05\/2025 1 \u2013 Datos identificativos del responsable de la web Tal y como recoge la Ley 34\/2002, de 11 de julio, de servicios de la sociedad de la informaci\u00f3n y de comercio electr\u00f3nico, le informo que hasta el 28\/06\/2024: Nuestra denominaci\u00f3n social es: Gemma S\u00e1nchez Duque. Nuestro NIF 71954529H. [&hellip;]<\/p>\n","protected":false},"author":1,"featured_media":0,"parent":0,"menu_order":0,"comment_status":"closed","ping_status":"closed","template":"","meta":{"ocean_post_layout":"","ocean_both_sidebars_style":"","ocean_both_sidebars_content_width":0,"ocean_both_sidebars_sidebars_width":0,"ocean_sidebar":"0","ocean_second_sidebar":"0","ocean_disable_margins":"enable","ocean_add_body_class":"","ocean_shortcode_before_top_bar":"","ocean_shortcode_after_top_bar":"","ocean_shortcode_before_header":"","ocean_shortcode_after_header":"","ocean_has_shortcode":"","ocean_shortcode_after_title":"","ocean_shortcode_before_footer_widgets":"","ocean_shortcode_after_footer_widgets":"","ocean_shortcode_before_footer_bottom":"","ocean_shortcode_after_footer_bottom":"","ocean_display_top_bar":"default","ocean_display_header":"default","ocean_header_style":"","ocean_center_header_left_menu":"0","ocean_custom_header_template":"0","ocean_custom_logo":0,"ocean_custom_retina_logo":0,"ocean_custom_logo_max_width":0,"ocean_custom_logo_tablet_max_width":0,"ocean_custom_logo_mobile_max_width":0,"ocean_custom_logo_max_height":0,"ocean_custom_logo_tablet_max_height":0,"ocean_custom_logo_mobile_max_height":0,"ocean_header_custom_menu":"0","ocean_menu_typo_font_family":"0","ocean_menu_typo_font_subset":"","ocean_menu_typo_font_size":0,"ocean_menu_typo_font_size_tablet":0,"ocean_menu_typo_font_size_mobile":0,"ocean_menu_typo_font_size_unit":"px","ocean_menu_typo_font_weight":"","ocean_menu_typo_font_weight_tablet":"","ocean_menu_typo_font_weight_mobile":"","ocean_menu_typo_transform":"","ocean_menu_typo_transform_tablet":"","ocean_menu_typo_transform_mobile":"","ocean_menu_typo_line_height":0,"ocean_menu_typo_line_height_tablet":0,"ocean_menu_typo_line_height_mobile":0,"ocean_menu_typo_line_height_unit":"","ocean_menu_typo_spacing":0,"ocean_menu_typo_spacing_tablet":0,"ocean_menu_typo_spacing_mobile":0,"ocean_menu_typo_spacing_unit":"","ocean_menu_link_color":"","ocean_menu_link_color_hover":"","ocean_menu_link_color_active":"","ocean_menu_link_background":"","ocean_menu_link_hover_background":"","ocean_menu_link_active_background":"","ocean_menu_social_links_bg":"","ocean_menu_social_hover_links_bg":"","ocean_menu_social_links_color":"","ocean_menu_social_hover_links_color":"","ocean_disable_title":"default","ocean_disable_heading":"default","ocean_post_title":"","ocean_post_subheading":"","ocean_post_title_style":"","ocean_post_title_background_color":"","ocean_post_title_background":0,"ocean_post_title_bg_image_position":"","ocean_post_title_bg_image_attachment":"","ocean_post_title_bg_image_repeat":"","ocean_post_title_bg_image_size":"","ocean_post_title_height":0,"ocean_post_title_bg_overlay":0.5,"ocean_post_title_bg_overlay_color":"","ocean_disable_breadcrumbs":"default","ocean_breadcrumbs_color":"","ocean_breadcrumbs_separator_color":"","ocean_breadcrumbs_links_color":"","ocean_breadcrumbs_links_hover_color":"","ocean_display_footer_widgets":"default","ocean_display_footer_bottom":"default","ocean_custom_footer_template":"0","_glsr_average":0,"_glsr_ranking":0,"_glsr_reviews":0,"_joinchat":[],"footnotes":""},"class_list":["post-3936","page","type-page","status-publish","hentry","entry"],"_links":{"self":[{"href":"https:\/\/calmarte123.com\/en\/wp-json\/wp\/v2\/pages\/3936","targetHints":{"allow":["GET"]}}],"collection":[{"href":"https:\/\/calmarte123.com\/en\/wp-json\/wp\/v2\/pages"}],"about":[{"href":"https:\/\/calmarte123.com\/en\/wp-json\/wp\/v2\/types\/page"}],"author":[{"embeddable":true,"href":"https:\/\/calmarte123.com\/en\/wp-json\/wp\/v2\/users\/1"}],"replies":[{"embeddable":true,"href":"https:\/\/calmarte123.com\/en\/wp-json\/wp\/v2\/comments?post=3936"}],"version-history":[{"count":4,"href":"https:\/\/calmarte123.com\/en\/wp-json\/wp\/v2\/pages\/3936\/revisions"}],"predecessor-version":[{"id":3940,"href":"https:\/\/calmarte123.com\/en\/wp-json\/wp\/v2\/pages\/3936\/revisions\/3940"}],"wp:attachment":[{"href":"https:\/\/calmarte123.com\/en\/wp-json\/wp\/v2\/media?parent=3936"}],"curies":[{"name":"wp","href":"https:\/\/api.w.org\/{rel}","templated":true}]}}