{"id":3949,"date":"2025-07-18T09:27:50","date_gmt":"2025-07-18T09:27:50","guid":{"rendered":"https:\/\/calmarte123.com\/?page_id=3949"},"modified":"2025-07-18T09:40:26","modified_gmt":"2025-07-18T09:40:26","slug":"aviso-legal","status":"publish","type":"page","link":"https:\/\/calmarte123.com\/en\/aviso-legal\/","title":{"rendered":"Aviso legal"},"content":{"rendered":"<div data-elementor-type=\"wp-page\" data-elementor-id=\"3949\" class=\"elementor elementor-3949\" data-elementor-post-type=\"page\">\n\t\t\t\t\t\t<section class=\"elementor-section elementor-top-section elementor-element elementor-element-4ca65eb elementor-section-boxed elementor-section-height-default elementor-section-height-default\" data-id=\"4ca65eb\" data-element_type=\"section\" data-e-type=\"section\">\n\t\t\t\t\t\t<div class=\"elementor-container elementor-column-gap-default\">\n\t\t\t\t\t<div class=\"elementor-column elementor-col-100 elementor-top-column elementor-element elementor-element-0257ad7\" data-id=\"0257ad7\" data-element_type=\"column\" data-e-type=\"column\">\n\t\t\t<div class=\"elementor-widget-wrap elementor-element-populated\">\n\t\t\t\t\t\t<div class=\"elementor-element elementor-element-b20c522 elementor-widget elementor-widget-text-editor\" data-id=\"b20c522\" data-element_type=\"widget\" data-e-type=\"widget\" data-widget_type=\"text-editor.default\">\n\t\t\t\t<div class=\"elementor-widget-container\">\n\t\t\t\t\t\t\t\t\t<div data-id=\"2809a3f0\" data-element_type=\"widget\" data-settings=\"{&quot;_animation&quot;:&quot;fadeIn&quot;}\" data-widget_type=\"heading.default\">\n<div>\n<h1>Aviso Legal<\/h1>\n<\/div>\n<\/div>\n<div data-id=\"aa52f97\" data-element_type=\"widget\" data-widget_type=\"divider.default\">\n<div>\n<div>&nbsp;<\/div>\n<\/div>\n<\/div>\n<div data-id=\"bc1249c\" data-element_type=\"widget\" data-widget_type=\"divider.default\">\n<div>\n<div>&nbsp;<span style=\"color: rgb(51, 51, 51); font-size: 20px; font-weight: 600; -webkit-text-size-adjust: 100%;\">Aviso legal actualizaci\u00f3n de datos fiscales: 23\/05\/2025<\/span><\/div><\/div><\/div><div data-id=\"d8e354d\" data-element_type=\"widget\" data-widget_type=\"theme-post-content.default\"><div><div data-elementor-type=\"wp-page\" data-elementor-id=\"76\" data-elementor-post-type=\"page\"><section data-id=\"ee4643a\" data-element_type=\"section\"><div><div data-id=\"1aec529\" data-element_type=\"column\"><div>\n<div data-id=\"2e53b35\" data-element_type=\"widget\" data-widget_type=\"text-editor.default\">\n<div>\n<h2><strong>1 \u2013&nbsp;<\/strong><strong>Aviso legal<\/strong><\/h2>\n<p>Puedo garantizarte que te encuentras en un espacio 100 % seguro, por ello, dando cumplimiento con el deber de informaci\u00f3n recogido en art\u00edculo 10 de la Ley 34\/2002, de 11 de julio, de Servicios de la Sociedad de la Informaci\u00f3n y del Comercio Electr\u00f3nico, a continuaci\u00f3n se hace constar:<\/p>\n<h3><strong><span data-css=\"tve-u-163883f91f7\">1.1- Datos identificativos del responsable<\/span><\/strong><\/h3>\n<p>Tal y como recoge la Ley 34\/2002, de 11 de julio, de servicios de la sociedad de la informaci\u00f3n y de comercio electr\u00f3nico, le informo que:<\/p>\n<ul>\n<li>Denominaci\u00f3n social es: Gemma S\u00e1nchez Duque responsable de calmarte123.com<\/li>\n<li>Domicio social se encuentra en Cl Dominguez Alfonso, 9, 38640, Arona, Tenerife<\/li>\n<li>Email: calmarte123g@gmail.com<\/li>\n<li>Actividad social es: Consultor\u00eda, planificaci\u00f3n y asesor\u00eda de viajes.<\/li>\n<\/ul>\n<h3><strong><span data-css=\"tve-u-163883f91f7\">1.2- Finalidad de la p\u00e1gina web<\/span><\/strong><\/h3>\n<p>Los servicios prestados por el responsable de la p\u00e1gina web son los siguientes:<\/p>\n<ul>\n<li>Suministro de contenido relacionado con los viajes, servicios de asesor\u00eda al viajero.<\/li>\n<li>Venta de servicios \/ productos propios.<\/li>\n<\/ul>\n<h3><strong><span data-css=\"tve-u-163883f91f7\">1.3- Usuarios<\/span><\/strong><\/h3>\n<p>El acceso y\/o uso de este sitio web atribuye la condici\u00f3n de USUARIO, que acepta, desde dicho acceso y\/o uso, los presentes t\u00e9rminos de uso, no obstante, por el mero uso de la p\u00e1gina web no significa el inicio de relaci\u00f3n laboral\/comercial alguna.<\/p>\n<h3><strong><span data-css=\"tve-u-163883f91f7\">1.4-&nbsp;<\/span>Uso del sitio web y captura de informaci\u00f3n:<\/strong><\/h3>\n<h4><strong>1.4.1- Uso del sitio web<\/strong><\/h4>\n<p>La p\u00e1gina web https:\/\/calmarte123.com en adelante (CALMARTE123) proporciona el acceso a art\u00edculos, informaciones, servicios, productos y datos (en adelante, \u201clos contenidos\u201d) propiedad de CALMARTE123.<\/p>\n<p>El USUARIO asume la responsabilidad del uso de la web.<\/p>\n<p>El USUARIO se compromete a hacer un uso adecuado de los contenidos que ofrece a trav\u00e9s de su web y con car\u00e1cter enunciativo pero no limitativo, a no emplearlos para:<\/p>\n<ol>\n<li>Incurrir en actividades il\u00edcitas, ilegales o contrarias a la buena fe y al orden p\u00fablico.<\/li>\n<li>Difundir contenidos o propaganda de car\u00e1cter racista, xen\u00f3fobo, pornogr\u00e1fico-ilegal, de apolog\u00eda del terrorismo o atentatorio contra los derechos humanos.<\/li>\n<li>Provocar da\u00f1os en los sistemas f\u00edsicos y l\u00f3gicos de CALMARTE123, de sus proveedores o de terceras personas, introducir o difundir en la red virus inform\u00e1ticos o cualesquiera otros sistemas f\u00edsicos o l\u00f3gicos que sean susceptibles de provocar los da\u00f1os anteriormente mencionados.<\/li>\n<li>Intentar acceder y, en su caso, utilizar las cuentas de correo electr\u00f3nico de otros usuarios y modificar o manipular sus mensajes.<\/li>\n<\/ol>\n<p>CALMARTE123 se reserva el derecho de retirar todos aquellos comentarios y aportaciones que vulneren el respeto a la dignidad de la persona, que sean discriminatorios, xen\u00f3fobos, racistas, pornogr\u00e1ficos, que atenten contra la juventud o la infancia, el orden o la seguridad p\u00fablica o que, a su juicio, no resultaran adecuados para su publicaci\u00f3n.<\/p>\n<p>En cualquier caso, CALMARTE123 no ser\u00e1 responsable de las opiniones vertidas por los usuarios a trav\u00e9s del blog u otras herramientas de participaci\u00f3n que puedan crearse, conforme a lo previsto en la normativa de aplicaci\u00f3n.<\/p>\n<h4><strong>1.4.2 Captura de informaci\u00f3n<\/strong><\/h4>\n<ul>\n<li>Formulario de contacto, donde el USUARIO deber\u00e1 rellenar el campo de correo electr\u00f3nico, asunto y nombre.<\/li>\n<li>Formulario de suscripci\u00f3n, rellenando el USUARIO los campos necesarios para la adquisici\u00f3n del curso con los campos de nombre, apellidos, direcci\u00f3n, ciudad, pa\u00eds, estado, c\u00f3digo postal, email y contrase\u00f1a<\/li>\n<li>Cookies de rastreo, conforme a las siguiente reglas<\/li>\n<li>Navegaci\u00f3n y Direcci\u00f3n IP: Al navegar por esta web, el usuario facilita de forma autom\u00e1tica al servidor de la web informaci\u00f3n relativa a tu direcci\u00f3n IP, fecha y hora de acceso, el hiperv\u00ednculo que le ha reenviado a \u00e9stas, tu sistema operativo y el navegador utilizado. La Agencia Espa\u00f1ola de Protecci\u00f3n de Datos considera la IP como dato de car\u00e1cter personal. Esta web no utilizar\u00e1 la IP para identificar a sus usuarios, estos datos ser\u00e1n guardados y utilizados \u00fanicamente para el control y realizaci\u00f3n de estad\u00edsticas de acceso y visitas a la web, &nbsp;para analizar tendencias, administrar el sitio, y para recopilar informaci\u00f3n demogr\u00e1fica sobre nuestra base de usuarios en su conjunto. En ning\u00fan caso ser\u00e1n comunicados o cedidos a terceros.<\/li>\n<\/ul>\n<p>A pesar de lo anterior, los usuarios podr\u00e1n darse de baja en cualquier momento de los servicios prestados por CALMARTE123 o datos aportados por el USUARIO dando cumplimiento a la normativa vigente sobre Protecci\u00f3n de Datos. Asimismo, tanto al suscribirse a esta p\u00e1gina web como al realizar alg\u00fan comentario en cualquiera de sus p\u00e1ginas y\/o entradas, el usuario consiente:<\/p>\n<ol>\n<li>El tratamiento de sus datos personales en el entorno de WordPress conforme a&nbsp;sus pol\u00edticas de privacidad.<\/li>\n<li>El acceso de CALMARTE123 a los datos que, de acuerdo con la infraestructura de WordPress, necesite el usuario aportar bien para la suscripci\u00f3n al curso bien para cualquier consulta mediante el formulario de contacto.<\/li>\n<\/ol>\n<p>Asimismo, informamos que la informaci\u00f3n de nuestros usuarios est\u00e1 protegida de acuerdo a nuestra pol\u00edtica de privacidad (https:\/\/calmarte123\/politica-de-privacidad\/)<\/p>\n<p>Al activar una suscripci\u00f3n, formulario de contacto o comentario, el usuario comprende y acepta que:<\/p>\n<p>Desde el momento en que efect\u00faa su suscripci\u00f3n,CALMARTE123 tiene acceso a:<\/p>\n<ul>\n<li>Nombre, y direcci\u00f3n de email, conformando un fichero debidamente inscrito en el Registro General de la&nbsp;Agencia Espa\u00f1ola de Protecci\u00f3n de Datos&nbsp;con el nombre de \u201cUSUARIOS WEB Y SUSCRIPTORES\u201d, asimismo, en caso de adquirir alg\u00fan producto o servicio de los que se prestan en la p\u00e1gina web, tendr\u00e9 acceso a apellidos, direcci\u00f3n, ciudad, pa\u00eds, estado, c\u00f3digo postal, email y contrase\u00f1a para conformar la factura correspondiente, inscrito en la AEPD con el nombre de \u201cCLIENTES Y\/O PROVEEDORES\u201d<\/li>\n<\/ul>\n<p>En todo caso CALMARTE123 se reserva el derecho de modificar, en cualquier momento y sin necesidad de previo aviso, la presentaci\u00f3n y configuraci\u00f3n de la web https:\/\/calmarte123.com como el presente aviso legal.<\/p>\n<h2><strong>2 \u2013&nbsp;<\/strong><strong>Propiedad intelectual e industrial<\/strong><\/h2>\n<p>CALMARTE123 por s\u00ed o como cesionario, es titular de todos los derechos de propiedad intelectual e industrial de su p\u00e1gina web, as\u00ed como de los elementos contenidos en la misma (a t\u00edtulo enunciativo, im\u00e1genes, sonido, audio, v\u00eddeo, software o textos; marcas o logotipos, combinaciones de colores, estructura y dise\u00f1o, selecci\u00f3n de materiales usados, programas de ordenador necesarios para su funcionamiento, acceso y uso, etc.), titularidad de Escuela CALMARTE123 o bien de sus licenciantes. Todos los derechos reservados.<\/p>\n<p>Cualquier uso no autorizado previamente porCALMARTE123, ser\u00e1 considerado un incumplimiento grave de los derechos de propiedad intelectual o industrial del autor.<\/p>\n<p>Quedan expresamente prohibidas la reproducci\u00f3n, la distribuci\u00f3n y la comunicaci\u00f3n p\u00fablica, incluida su modalidad de puesta a disposici\u00f3n, de la totalidad o parte de los contenidos de esta p\u00e1gina web, con fines comerciales, en cualquier soporte y por cualquier medio t\u00e9cnico, sin la autorizaci\u00f3n de CALMARTE123.<\/p>\n<p>El USUARIO se compromete a respetar los derechos de Propiedad Intelectual e Industrial titularidad de CALMARTE123. Podr\u00e1 visualizar \u00fanicamente los elementos de la web sin posibilidad de imprimirlos, copiarlos o almacenarlos en el disco duro de su ordenador o en cualquier otro soporte f\u00edsico. El USUARIO deber\u00e1 abstenerse de suprimir, alterar, eludir o manipular cualquier dispositivo de protecci\u00f3n o sistema de seguridad que estuviera instalado en las p\u00e1ginas de CALMARTE123.<\/p>\n<p>Queda terminantemente prohibido compartir la licencia de los infoproductos adquiridos para uso con m\u00e1s personas, cada licencia es personal e intransferible reserv\u00e1ndonos cuantas acciones civiles y penales nos asistan en aras de salvaguardar nuestros derechos, todo ello bajo apercibimiento de incurrir en un delito contra la propiedad intelectual del art. 270 y ss del C\u00f3digo Penal con penas de prisi\u00f3n de hasta 4 a\u00f1os.<\/p>\n<h2><strong>3 \u2013&nbsp;<\/strong><strong>Exclusi\u00f3n de garant\u00edas y responsabilidad<\/strong><\/h2>\n<p>CALMARTE123 no se hace responsable, en ning\u00fan caso, de los da\u00f1os y perjuicios de cualquier naturaleza que pudieran ocasionar, a t\u00edtulo enunciativo: por errores u omisiones en los contenidos, por falta de disponibilidad del sitio web, \u2013 el cual realizar\u00e1 paradas peri\u00f3dicas por mantenimientos t\u00e9cnicos \u2013 as\u00ed como por la transmisi\u00f3n de virus o programas maliciosos o lesivos en los contenidos, a pesar de haber adoptado todas las medidas tecnol\u00f3gicas necesarias para evitarlo.<\/p>\n<h2><strong>4 \u2013&nbsp;<\/strong><strong>Modificaciones<\/strong><\/h2>\n<p>CALMARTE123, se reserva el derecho de efectuar sin previo aviso las modificaciones que considere oportunas en su web, pudiendo cambiar, suprimir o a\u00f1adir tanto los contenidos y servicios que se presten a trav\u00e9s de la misma como la forma en la que \u00e9stos aparezcan presentados o localizados en su web.<\/p>\n<h2><strong>5 \u2013&nbsp;<\/strong><strong>Pol\u00edtica de enlaces<\/strong><\/h2>\n<p>Las personas o entidades que pretendan realizar o realicen un hiperenlace desde una p\u00e1gina web de otro portal de Internet a la web de CALMARTE123 deber\u00e1 someterse &nbsp;las siguientes condiciones:<\/p>\n<ul>\n<li>No se permite la reproducci\u00f3n total o parcial de ninguno de los servicios ni contenidos del sitio web sin la previa autorizaci\u00f3n expresa de CALMARTE123.<\/li>\n<li>No se establecer\u00e1n deep-links ni enlaces IMG o de imagen, ni frames con la web de CALMARTE123 sin su previa autorizaci\u00f3n expresa.<\/li>\n<li>No se establecer\u00e1 ninguna manifestaci\u00f3n falsa, inexacta o incorrecta sobre la web de CALMARTE123, ni sobre los servicios o contenidos de la misma. Salvo aquellos signos que formen parte del hiperv\u00ednculo, la p\u00e1gina web en la que &nbsp;se establezca no contendr\u00e1 ninguna marca, nombre comercial, r\u00f3tulo de establecimiento, denominaci\u00f3n, logotipo, eslogan u otros signos distintivos pertenecientes a CALMARTE123, salvo autorizaci\u00f3n expresa de \u00e9ste.<\/li>\n<li>El establecimiento del hiperv\u00ednculo no implicar\u00e1 la existencia de relaciones entre &nbsp;<span style=\"font-family: Quicksand, sans-serif; font-size: 18px; font-style: normal; font-variant-caps: normal;\">CALMARTE123 y<\/span>&nbsp;el titular de la p\u00e1gina web o del portal desde el cual se realice, ni el conocimiento y aceptaci\u00f3n de &nbsp;<span style=\"font-family: Quicksand, sans-serif; font-size: 18px; font-style: normal; font-variant-caps: normal;\">CALMARTE123&nbsp;<\/span>de los servicios y contenidos ofrecidos en dicha p\u00e1gina web o portal.<\/li>\n<li><span style=\"font-family: Quicksand, sans-serif; font-size: 18px; font-style: normal; font-variant-caps: normal;\">CALMARTE123<\/span>&nbsp;no ser\u00e1 responsable de los contenidos o servicios puestos a disposici\u00f3n del p\u00fablico en la p\u00e1gina web o portal desde el cual se realice el hiperv\u00ednculo, ni de las informaciones y manifestaciones incluidas en los mismos.<\/li>\n<li>El sitio web de&nbsp;<span style=\"font-family: Quicksand, sans-serif; font-size: 18px; font-style: normal; font-variant-caps: normal;\">CALMARTE123<\/span>&nbsp;puede poner a disposici\u00f3n del usuario conexiones y enlaces a otros sitios web gestionados y controlados por terceros. Dichos enlaces tienen como exclusiva funci\u00f3n, la de facilitar a los usuarios la b\u00fasqueda de informaci\u00f3n, contenidos y servicios en Internet, sin que en ning\u00fan caso pueda considerarse una sugerencia, recomendaci\u00f3n o invitaci\u00f3n para la visita de los mismos.<\/li>\n<li><span style=\"font-family: Quicksand, sans-serif; font-size: 18px; font-style: normal; font-variant-caps: normal;\">CALMARTE123<\/span>&nbsp;no comercializa, ni dirige, ni controla previamente, ni hace propios los contenidos, servicios, informaciones y manifestaciones disponibles en dichos sitios web.<\/li>\n<li><span style=\"font-family: Quicksand, sans-serif; font-size: 18px; font-style: normal; font-variant-caps: normal;\">CALMARTE123<\/span>&nbsp;no asume ning\u00fan tipo de responsabilidad, ni siquiera de forma indirecta o subsidiaria, por los da\u00f1os y perjuicios de toda clase que pudieran derivarse del acceso, mantenimiento, uso, calidad, licitud, fiabilidad y utilidad de los contenidos, informaciones, comunicaciones, opiniones, manifestaciones, productos y servicios existentes u ofrecidos en los sitios web no gestionados por&nbsp;<span style=\"font-family: Quicksand, sans-serif; font-size: 18px; font-style: normal; font-variant-caps: normal;\">CALMARTE123<\/span>&nbsp;y que resulten accesibles a trav\u00e9s de&nbsp;<span style=\"font-family: Quicksand, sans-serif; font-size: 18px; font-style: normal; font-variant-caps: normal;\">CALMARTE123<\/span>.<\/li>\n<\/ul>\n<h2><strong>6 \u2013&nbsp;<\/strong><strong>Derecho de exclusi\u00f3n<\/strong><\/h2>\n<p><span style=\"font-family: Quicksand, sans-serif; font-size: 18px; font-style: normal; font-variant-caps: normal; -webkit-text-size-adjust: 100%;\">CALMARTE123&nbsp;<\/span>se reserva el derecho a denegar o retirar el acceso al portal y\/o los servicios ofrecidos sin necesidad de pre-aviso, a instancia propia o de un tercero, a aquellos usuarios que incumplan las presentes Condiciones Generales de Uso.<\/p>\n<h2><strong>7 \u2013&nbsp;<\/strong><strong>Generalidades<\/strong><\/h2>\n<p><span style=\"font-family: Quicksand, sans-serif; font-size: 18px; font-style: normal; font-variant-caps: normal; -webkit-text-size-adjust: 100%;\">CALMARTE123<\/span>&nbsp;perseguir\u00e1 el incumplimiento de las presentes condiciones as\u00ed como cualquier utilizaci\u00f3n indebida de su web ejerciendo todas las acciones civiles y penales que le puedan corresponder en derecho.<\/p>\n<h2><strong>8 \u2013&nbsp;<\/strong><strong>Modificaci\u00f3n de las presentes condiciones y duraci\u00f3n<\/strong><\/h2>\n<p><span style=\"font-family: Quicksand, sans-serif; font-size: 18px; font-style: normal; font-variant-caps: normal; -webkit-text-size-adjust: 100%;\">CALMARTE123<\/span>&nbsp;podr\u00e1 modificar en cualquier momento las condiciones aqu\u00ed determinadas, siendo debidamente publicadas como aqu\u00ed aparecen. La vigencia de las citadas condiciones ir\u00e1 en funci\u00f3n de su exposici\u00f3n y estar\u00e1n vigentes hasta que sean modificadas por otras debidamente publicadas.<\/p>\n<h2><strong>9 \u2013&nbsp;<\/strong><strong>Reclamaciones y dudas<\/strong><\/h2>\n<p><span style=\"font-family: Quicksand, sans-serif; font-size: 18px; font-style: normal; font-variant-caps: normal; -webkit-text-size-adjust: 100%;\">CALMARTE123<\/span>&nbsp;informa que existen hojas de reclamaci\u00f3n a disposici\u00f3n de usuarios y clientes pudiendo remitir un correo a calmarte123g@gmail.com indicando su nombre y apellidos, el servicio o producto adquirido y exponiendo los motivos de su reclamaci\u00f3n.<\/p><p><br><\/p>\n<h2><strong>10 \u2013&nbsp;<\/strong><strong>Legislaci\u00f3n aplicable y jurisdicci\u00f3n<\/strong><\/h2>\n<p>La relaci\u00f3n entre&nbsp;<span style=\"font-family: Quicksand, sans-serif; font-size: 18px; font-style: normal; font-variant-caps: normal; -webkit-text-size-adjust: 100%;\">CALMARTE123<\/span><span style=\"font-size: 18px; -webkit-text-size-adjust: 100%;\">&nbsp;y el USUARIO se regir\u00e1 por la normativa espa\u00f1ola vigente y cualquier controversia se someter\u00e1 a los Juzgados y tribunales de la ciudad de Andorra, salvo que la Ley aplicable disponga otra cosa.<\/span><\/p>\n<\/div>\n<\/div>\n<\/div>\n<\/div>\n<\/div>\n<\/section>\n<\/div>\n<\/div>\n<\/div>\t\t\t\t\t\t\t\t<\/div>\n\t\t\t\t<\/div>\n\t\t\t\t\t<\/div>\n\t\t<\/div>\n\t\t\t\t\t<\/div>\n\t\t<\/section>\n\t\t\t\t<\/div>","protected":false},"excerpt":{"rendered":"<p>Aviso Legal &nbsp; &nbsp;Aviso legal actualizaci\u00f3n de datos fiscales: 23\/05\/2025 1 \u2013&nbsp;Aviso legal Puedo garantizarte que te encuentras en un espacio 100 % seguro, por ello, dando cumplimiento con el deber de informaci\u00f3n recogido en art\u00edculo 10 de la Ley 34\/2002, de 11 de julio, de Servicios de la Sociedad de la Informaci\u00f3n y del [&hellip;]<\/p>\n","protected":false},"author":1,"featured_media":0,"parent":0,"menu_order":0,"comment_status":"closed","ping_status":"closed","template":"","meta":{"ocean_post_layout":"","ocean_both_sidebars_style":"","ocean_both_sidebars_content_width":0,"ocean_both_sidebars_sidebars_width":0,"ocean_sidebar":"0","ocean_second_sidebar":"0","ocean_disable_margins":"enable","ocean_add_body_class":"","ocean_shortcode_before_top_bar":"","ocean_shortcode_after_top_bar":"","ocean_shortcode_before_header":"","ocean_shortcode_after_header":"","ocean_has_shortcode":"","ocean_shortcode_after_title":"","ocean_shortcode_before_footer_widgets":"","ocean_shortcode_after_footer_widgets":"","ocean_shortcode_before_footer_bottom":"","ocean_shortcode_after_footer_bottom":"","ocean_display_top_bar":"default","ocean_display_header":"default","ocean_header_style":"","ocean_center_header_left_menu":"0","ocean_custom_header_template":"0","ocean_custom_logo":0,"ocean_custom_retina_logo":0,"ocean_custom_logo_max_width":0,"ocean_custom_logo_tablet_max_width":0,"ocean_custom_logo_mobile_max_width":0,"ocean_custom_logo_max_height":0,"ocean_custom_logo_tablet_max_height":0,"ocean_custom_logo_mobile_max_height":0,"ocean_header_custom_menu":"0","ocean_menu_typo_font_family":"0","ocean_menu_typo_font_subset":"","ocean_menu_typo_font_size":0,"ocean_menu_typo_font_size_tablet":0,"ocean_menu_typo_font_size_mobile":0,"ocean_menu_typo_font_size_unit":"px","ocean_menu_typo_font_weight":"","ocean_menu_typo_font_weight_tablet":"","ocean_menu_typo_font_weight_mobile":"","ocean_menu_typo_transform":"","ocean_menu_typo_transform_tablet":"","ocean_menu_typo_transform_mobile":"","ocean_menu_typo_line_height":0,"ocean_menu_typo_line_height_tablet":0,"ocean_menu_typo_line_height_mobile":0,"ocean_menu_typo_line_height_unit":"","ocean_menu_typo_spacing":0,"ocean_menu_typo_spacing_tablet":0,"ocean_menu_typo_spacing_mobile":0,"ocean_menu_typo_spacing_unit":"","ocean_menu_link_color":"","ocean_menu_link_color_hover":"","ocean_menu_link_color_active":"","ocean_menu_link_background":"","ocean_menu_link_hover_background":"","ocean_menu_link_active_background":"","ocean_menu_social_links_bg":"","ocean_menu_social_hover_links_bg":"","ocean_menu_social_links_color":"","ocean_menu_social_hover_links_color":"","ocean_disable_title":"default","ocean_disable_heading":"default","ocean_post_title":"","ocean_post_subheading":"","ocean_post_title_style":"","ocean_post_title_background_color":"","ocean_post_title_background":0,"ocean_post_title_bg_image_position":"","ocean_post_title_bg_image_attachment":"","ocean_post_title_bg_image_repeat":"","ocean_post_title_bg_image_size":"","ocean_post_title_height":0,"ocean_post_title_bg_overlay":0.5,"ocean_post_title_bg_overlay_color":"","ocean_disable_breadcrumbs":"default","ocean_breadcrumbs_color":"","ocean_breadcrumbs_separator_color":"","ocean_breadcrumbs_links_color":"","ocean_breadcrumbs_links_hover_color":"","ocean_display_footer_widgets":"default","ocean_display_footer_bottom":"default","ocean_custom_footer_template":"0","_glsr_average":0,"_glsr_ranking":0,"_glsr_reviews":0,"_joinchat":[],"footnotes":""},"class_list":["post-3949","page","type-page","status-publish","hentry","entry"],"_links":{"self":[{"href":"https:\/\/calmarte123.com\/en\/wp-json\/wp\/v2\/pages\/3949","targetHints":{"allow":["GET"]}}],"collection":[{"href":"https:\/\/calmarte123.com\/en\/wp-json\/wp\/v2\/pages"}],"about":[{"href":"https:\/\/calmarte123.com\/en\/wp-json\/wp\/v2\/types\/page"}],"author":[{"embeddable":true,"href":"https:\/\/calmarte123.com\/en\/wp-json\/wp\/v2\/users\/1"}],"replies":[{"embeddable":true,"href":"https:\/\/calmarte123.com\/en\/wp-json\/wp\/v2\/comments?post=3949"}],"version-history":[{"count":4,"href":"https:\/\/calmarte123.com\/en\/wp-json\/wp\/v2\/pages\/3949\/revisions"}],"predecessor-version":[{"id":3953,"href":"https:\/\/calmarte123.com\/en\/wp-json\/wp\/v2\/pages\/3949\/revisions\/3953"}],"wp:attachment":[{"href":"https:\/\/calmarte123.com\/en\/wp-json\/wp\/v2\/media?parent=3949"}],"curies":[{"name":"wp","href":"https:\/\/api.w.org\/{rel}","templated":true}]}}