{"id":5379,"date":"2025-11-18T15:33:13","date_gmt":"2025-11-18T15:33:13","guid":{"rendered":"https:\/\/calmarte123.com\/?page_id=5379"},"modified":"2025-11-18T16:02:35","modified_gmt":"2025-11-18T16:02:35","slug":"reservar-plaza","status":"publish","type":"page","link":"https:\/\/calmarte123.com\/en\/reservar-plaza\/","title":{"rendered":"Formulario: Retiro para conectar contigo mism@"},"content":{"rendered":"<div data-elementor-type=\"wp-page\" data-elementor-id=\"5379\" class=\"elementor elementor-5379\" data-elementor-post-type=\"page\">\n\t\t\t\t\t\t<section class=\"elementor-section elementor-top-section elementor-element elementor-element-1f13387 elementor-section-boxed elementor-section-height-default elementor-section-height-default\" data-id=\"1f13387\" data-element_type=\"section\" data-e-type=\"section\" data-settings=\"{&quot;background_background&quot;:&quot;gradient&quot;}\">\n\t\t\t\t\t\t<div class=\"elementor-container elementor-column-gap-default\">\n\t\t\t\t\t<div class=\"elementor-column elementor-col-100 elementor-top-column elementor-element elementor-element-7ec5e47\" data-id=\"7ec5e47\" data-element_type=\"column\" data-e-type=\"column\">\n\t\t\t<div class=\"elementor-widget-wrap elementor-element-populated\">\n\t\t\t\t\t\t<div class=\"elementor-element elementor-element-94e7169 elementor-widget elementor-widget-heading\" data-id=\"94e7169\" data-element_type=\"widget\" data-e-type=\"widget\" data-widget_type=\"heading.default\">\n\t\t\t\t<div class=\"elementor-widget-container\">\n\t\t\t\t\t<h2 class=\"elementor-heading-title elementor-size-default\"><br><br> \u00a1Ya casi lo tienes!\n<br><br><br><\/h2>\t\t\t\t<\/div>\n\t\t\t\t<\/div>\n\t\t\t\t\t<\/div>\n\t\t<\/div>\n\t\t\t\t\t<\/div>\n\t\t<\/section>\n\t\t\t\t<section class=\"elementor-section elementor-top-section elementor-element elementor-element-1ba7217 elementor-section-boxed elementor-section-height-default elementor-section-height-default\" data-id=\"1ba7217\" data-element_type=\"section\" data-e-type=\"section\">\n\t\t\t\t\t\t<div class=\"elementor-container elementor-column-gap-default\">\n\t\t\t\t\t<div class=\"elementor-column elementor-col-100 elementor-top-column elementor-element elementor-element-4afdbf2\" data-id=\"4afdbf2\" data-element_type=\"column\" data-e-type=\"column\">\n\t\t\t<div class=\"elementor-widget-wrap elementor-element-populated\">\n\t\t\t\t\t\t<div class=\"elementor-element elementor-element-e9a95c6 elementor-widget elementor-widget-video\" data-id=\"e9a95c6\" data-element_type=\"widget\" data-e-type=\"widget\" data-settings=\"{&quot;youtube_url&quot;:&quot;https:\\\/\\\/youtu.be\\\/mjx7yqHwHds?si=KCNyWT19VUYoiNoP&quot;,&quot;video_type&quot;:&quot;youtube&quot;,&quot;controls&quot;:&quot;yes&quot;}\" data-widget_type=\"video.default\">\n\t\t\t\t<div class=\"elementor-widget-container\">\n\t\t\t\t\t\t\t<div class=\"elementor-wrapper elementor-open-inline\">\n\t\t\t<div class=\"elementor-video\"><\/div>\t\t<\/div>\n\t\t\t\t\t\t<\/div>\n\t\t\t\t<\/div>\n\t\t\t\t\t<\/div>\n\t\t<\/div>\n\t\t\t\t\t<\/div>\n\t\t<\/section>\n\t\t\t\t<section class=\"elementor-section elementor-top-section elementor-element elementor-element-09f4477 elementor-section-boxed elementor-section-height-default elementor-section-height-default\" data-id=\"09f4477\" data-element_type=\"section\" data-e-type=\"section\">\n\t\t\t\t\t\t<div class=\"elementor-container elementor-column-gap-default\">\n\t\t\t\t\t<div class=\"elementor-column elementor-col-100 elementor-top-column elementor-element elementor-element-9fa31df\" data-id=\"9fa31df\" data-element_type=\"column\" data-e-type=\"column\">\n\t\t\t<div class=\"elementor-widget-wrap elementor-element-populated\">\n\t\t\t\t\t\t<div class=\"elementor-element elementor-element-a7aae79 elementor-widget elementor-widget-text-editor\" data-id=\"a7aae79\" data-element_type=\"widget\" data-e-type=\"widget\" data-widget_type=\"text-editor.default\">\n\t\t\t\t<div class=\"elementor-widget-container\">\n\t\t\t\t\t\t\t\t\t<p data-start=\"252\" data-end=\"312\"><strong data-start=\"252\" data-end=\"310\">No esperes m\u00e1s, el mundo y tu bienestar esperan por ti<\/strong><\/p><p data-start=\"314\" data-end=\"380\"><strong data-start=\"314\" data-end=\"378\">\u00a1Rellenar el formulario no significa que vayas a pagar nada!<\/strong><\/p><p data-start=\"382\" data-end=\"580\">1\ufe0f\u20e3 <strong data-start=\"386\" data-end=\"410\">Cu\u00e9ntanos qui\u00e9n eres<\/strong><br data-start=\"410\" data-end=\"413\" \/>Rellena el formulario para que podamos conocerte mejor y entender qu\u00e9 buscas en esta experiencia. Queremos saber qu\u00e9 te mueve para hacer este viaje.<\/p><p data-start=\"582\" data-end=\"743\">2\ufe0f\u20e3 <strong data-start=\"586\" data-end=\"609\">Hablemos un momento<\/strong><br data-start=\"609\" data-end=\"612\" \/>Nos pondremos en contacto contigo para concertar una cita y conectar. Ser\u00e1 un espacio para escucharte y que nos conozcas tambi\u00e9n.<\/p><p data-start=\"745\" data-end=\"945\">3\ufe0f\u20e3 <strong data-start=\"749\" data-end=\"773\">Resolvemos tus dudas<\/strong><br data-start=\"773\" data-end=\"776\" \/>Durante nuestra llamada te explicaremos todo sobre el retiro y responderemos cualquier pregunta que tengas. Queremos que sientas que este viaje es verdaderamente tuyo.<\/p><p data-start=\"947\" data-end=\"1124\">4\ufe0f\u20e3 <strong data-start=\"951\" data-end=\"977\">Tu decisi\u00f3n consciente<\/strong><br data-start=\"977\" data-end=\"980\" \/>Si sientes que este retiro es lo que tu coraz\u00f3n estaba esperando, entonces podr\u00e1s reservar tu plaza y empezar a vivir la experiencia desde ya.<\/p><hr data-start=\"1126\" data-end=\"1129\" \/><h3 data-start=\"1131\" data-end=\"1176\">\u00bfPor qu\u00e9 necesitamos conocerte primero?<\/h3><p data-start=\"1178\" data-end=\"1522\">No todos los viajes son iguales, y no todas las personas buscan lo mismo. Nuestro objetivo es crear un <strong data-start=\"1281\" data-end=\"1306\">grupo de almas afines<\/strong>, con intereses e inquietudes similares, que puedan disfrutar juntos de esta experiencia, crecer y conectar de manera profunda. Por eso es tan importante rellenar el formulario y charlar antes de asegurar tu plaza.<\/p><hr data-start=\"1524\" data-end=\"1527\" \/><p data-start=\"1529\" data-end=\"1636\"><strong data-start=\"1529\" data-end=\"1634\">Rellena el formulario, no te llevar\u00e1 m\u00e1s de 5 minutos, y d\u00e9mosle a tu alma la experiencia que merece<\/strong><\/p>\t\t\t\t\t\t\t\t<\/div>\n\t\t\t\t<\/div>\n\t\t\t\t\t<\/div>\n\t\t<\/div>\n\t\t\t\t\t<\/div>\n\t\t<\/section>\n\t\t\t\t<section class=\"elementor-section elementor-top-section elementor-element elementor-element-5922840 elementor-section-boxed elementor-section-height-default elementor-section-height-default\" data-id=\"5922840\" data-element_type=\"section\" data-e-type=\"section\">\n\t\t\t\t\t\t<div class=\"elementor-container elementor-column-gap-default\">\n\t\t\t\t\t<div class=\"elementor-column elementor-col-100 elementor-top-column elementor-element elementor-element-46c7649\" data-id=\"46c7649\" data-element_type=\"column\" data-e-type=\"column\">\n\t\t\t<div class=\"elementor-widget-wrap elementor-element-populated\">\n\t\t\t\t\t\t<div class=\"elementor-element elementor-element-6768a0b elementor-widget elementor-widget-html\" data-id=\"6768a0b\" data-element_type=\"widget\" data-e-type=\"widget\" data-widget_type=\"html.default\">\n\t\t\t\t<div class=\"elementor-widget-container\">\n\t\t\t\t\t\n<div class=\"wpcf7 no-js\" id=\"wpcf7-f4686-o1\" lang=\"es-ES\" dir=\"ltr\" data-wpcf7-id=\"4686\">\n<div class=\"screen-reader-response\"><p role=\"status\" aria-live=\"polite\" aria-atomic=\"true\"><\/p> <ul><\/ul><\/div>\n<form action=\"\/en\/wp-json\/wp\/v2\/pages\/5379#wpcf7-f4686-o1\" method=\"post\" class=\"wpcf7-form init\" aria-label=\"Formulario de contacto\" novalidate=\"novalidate\" data-status=\"init\" data-trp-original-action=\"\/en\/wp-json\/wp\/v2\/pages\/5379#wpcf7-f4686-o1\">\n<fieldset class=\"hidden-fields-container\"><input type=\"hidden\" name=\"_wpcf7\" value=\"4686\" \/><input type=\"hidden\" name=\"_wpcf7_version\" value=\"6.1.5\" \/><input type=\"hidden\" name=\"_wpcf7_locale\" value=\"es_ES\" \/><input type=\"hidden\" name=\"_wpcf7_unit_tag\" value=\"wpcf7-f4686-o1\" \/><input type=\"hidden\" name=\"_wpcf7_container_post\" value=\"0\" \/><input type=\"hidden\" name=\"_wpcf7_posted_data_hash\" value=\"\" \/>\n<\/fieldset>\n<p><br \/>\n<label>Nombre *<br \/>\n<span class=\"wpcf7-form-control-wrap\" data-name=\"your-name\"><input size=\"40\" maxlength=\"400\" class=\"wpcf7-form-control wpcf7-text wpcf7-validates-as-required\" aria-required=\"true\" aria-invalid=\"false\" placeholder=\"Tu nombre\" value=\"\" type=\"text\" name=\"your-name\" \/><\/span><br \/>\n<\/label>\n<\/p>\n<p><br \/>\n<label>Apellidos<br \/>\n<span class=\"wpcf7-form-control-wrap\" data-name=\"your-surname\"><input size=\"40\" maxlength=\"400\" class=\"wpcf7-form-control wpcf7-text\" aria-invalid=\"false\" placeholder=\"Tus apellidos\" value=\"\" type=\"text\" name=\"your-surname\" \/><\/span><br \/>\n<\/label>\n<\/p>\n<p><br \/>\n<label>Correo electr\u00f3nico *<br \/>\n<span class=\"wpcf7-form-control-wrap\" data-name=\"your-email\"><input size=\"40\" maxlength=\"400\" class=\"wpcf7-form-control wpcf7-email wpcf7-validates-as-required wpcf7-text wpcf7-validates-as-email\" aria-required=\"true\" aria-invalid=\"false\" placeholder=\"Tu correo electr\u00f3nico\" value=\"\" type=\"email\" name=\"your-email\" \/><\/span><br \/>\n<\/label>\n<\/p>\n<p><br \/>\n<label>N\u00famero de tel\u00e9fono *<br \/>\n<span class=\"wpcf7-form-control-wrap\" data-name=\"your-phone\"><input size=\"40\" maxlength=\"400\" class=\"wpcf7-form-control wpcf7-tel wpcf7-validates-as-required wpcf7-text wpcf7-validates-as-tel\" aria-required=\"true\" aria-invalid=\"false\" placeholder=\"Tu n\u00famero de tel\u00e9fono\" value=\"\" type=\"tel\" name=\"your-phone\" \/><\/span><br \/>\n<\/label>\n<\/p>\n<p><br \/>\n<label>Edad<br \/>\n<span class=\"wpcf7-form-control-wrap\" data-name=\"your-age\"><input class=\"wpcf7-form-control wpcf7-number wpcf7-validates-as-number\" min=\"0\" max=\"120\" aria-invalid=\"false\" placeholder=\"Tu edad\" value=\"\" type=\"number\" name=\"your-age\" \/><\/span><br \/>\n<\/label>\n<\/p>\n<p><br \/>\n<label>\u00bfTienes alguna necesidad especial que debamos tener en cuenta? *<br \/>\n<span class=\"wpcf7-form-control-wrap\" data-name=\"special-needs\"><textarea cols=\"40\" rows=\"10\" maxlength=\"2000\" class=\"wpcf7-form-control wpcf7-textarea wpcf7-validates-as-required\" aria-required=\"true\" aria-invalid=\"false\" placeholder=\"Describe tus necesidades especiales\" name=\"special-needs\"><\/textarea><\/span><br \/>\n<\/label>\n<\/p>\n<p><br \/>\n<label>\u00bfQu\u00e9 te mueve a hacer este viaje? *<br \/>\n<span class=\"wpcf7-form-control-wrap\" data-name=\"motivation\"><textarea cols=\"40\" rows=\"10\" maxlength=\"2000\" class=\"wpcf7-form-control wpcf7-textarea wpcf7-validates-as-required\" aria-required=\"true\" aria-invalid=\"false\" placeholder=\"Cu\u00e9ntanos tu motivaci\u00f3n\" name=\"motivation\"><\/textarea><\/span><br \/>\n<\/label>\n<\/p>\n<p><br \/>\n<label>\u00bfSabes nadar? *<br \/>\n<span class=\"wpcf7-form-control-wrap\" data-name=\"swimming-option\"><select class=\"wpcf7-form-control wpcf7-select wpcf7-validates-as-required\" aria-required=\"true\" aria-invalid=\"false\" name=\"swimming-option\"><option value=\"\">&#8212;Por favor, elige una opci\u00f3n&#8212;<\/option><option value=\"Selecciona una opci\u00f3n\">Selecciona una opci\u00f3n<\/option><option value=\"S\u00ed, sin problema\">S\u00ed, sin problema<\/option><option value=\"S\u00ed, pero no me siento del todo c\u00f3modo\/a\">S\u00ed, pero no me siento del todo c\u00f3modo\/a<\/option><option value=\"No\">No<\/option><\/select><\/span><br \/>\n<\/label>\n<\/p>\n<p><br \/>\n<label>\u00bfC\u00f3mo supiste del retiro?<br \/>\n<span class=\"wpcf7-form-control-wrap\" data-name=\"how-found\"><input size=\"40\" maxlength=\"400\" class=\"wpcf7-form-control wpcf7-text\" aria-invalid=\"false\" placeholder=\"Cu\u00e9ntanos c\u00f3mo supiste del retiro\" value=\"\" type=\"text\" name=\"how-found\" \/><\/span><br \/>\n<\/label>\n<\/p>\n<p><br \/>\n<input class=\"wpcf7-form-control wpcf7-submit has-spinner\" type=\"submit\" value=\"Enviar\" \/>\n<\/p><div class=\"wpcf7-response-output\" aria-hidden=\"true\"><\/div>\n<input type=\"hidden\" name=\"trp-form-language\" value=\"en\"\/><\/form>\n<\/div>\n\t\t\t\t<\/div>\n\t\t\t\t<\/div>\n\t\t\t\t\t<\/div>\n\t\t<\/div>\n\t\t\t\t\t<\/div>\n\t\t<\/section>\n\t\t\t\t<section class=\"elementor-section elementor-top-section elementor-element elementor-element-1225f3a elementor-section-boxed elementor-section-height-default elementor-section-height-default\" data-id=\"1225f3a\" data-element_type=\"section\" data-e-type=\"section\">\n\t\t\t\t\t\t<div class=\"elementor-container elementor-column-gap-default\">\n\t\t\t\t\t<div class=\"elementor-column elementor-col-100 elementor-top-column elementor-element elementor-element-57f7879\" data-id=\"57f7879\" data-element_type=\"column\" data-e-type=\"column\">\n\t\t\t<div class=\"elementor-widget-wrap elementor-element-populated\">\n\t\t\t\t\t\t<div class=\"elementor-element elementor-element-3694a38 elementor-widget elementor-widget-text-editor\" data-id=\"3694a38\" data-element_type=\"widget\" data-e-type=\"widget\" data-widget_type=\"text-editor.default\">\n\t\t\t\t<div class=\"elementor-widget-container\">\n\t\t\t\t\t\t\t\t\t<p><strong data-start=\"1944\" data-end=\"1981\">\u00a1Gracias por confiar!<\/strong><\/p>\n<p data-start=\"1985\" data-end=\"2113\"><span style=\"font-size: 18px;\">Nos pondremos en contacto contigo para conocernos y resolver todas tus dudas.<\/span><\/p>\n<p data-start=\"2205\" data-end=\"2246\"><strong data-start=\"2205\" data-end=\"2241\">Un abrazo enorme y hasta pronto!<\/strong>&nbsp; \ud83d\udc9b<\/p>\t\t\t\t\t\t\t\t<\/div>\n\t\t\t\t<\/div>\n\t\t\t\t\t<\/div>\n\t\t<\/div>\n\t\t\t\t\t<\/div>\n\t\t<\/section>\n\t\t\t\t<\/div>","protected":false},"excerpt":{"rendered":"<p>\u00a1Ya casi lo tienes! https:\/\/youtu.be\/mjx7yqHwHds?si=KCNyWT19VUYoiNoP No esperes m\u00e1s, el mundo y tu bienestar esperan por ti \u00a1Rellenar el formulario no significa que vayas a pagar nada! 1\ufe0f\u20e3 Cu\u00e9ntanos qui\u00e9n eresRellena el formulario para que podamos conocerte mejor y entender qu\u00e9 buscas en esta experiencia. Queremos saber qu\u00e9 te mueve para hacer este viaje. 2\ufe0f\u20e3 Hablemos [&hellip;]<\/p>\n","protected":false},"author":1,"featured_media":0,"parent":0,"menu_order":0,"comment_status":"closed","ping_status":"closed","template":"","meta":{"ocean_post_layout":"full-width","ocean_both_sidebars_style":"","ocean_both_sidebars_content_width":0,"ocean_both_sidebars_sidebars_width":0,"ocean_sidebar":"footer-one","ocean_second_sidebar":"0","ocean_disable_margins":"enable","ocean_add_body_class":"","ocean_shortcode_before_top_bar":"","ocean_shortcode_after_top_bar":"","ocean_shortcode_before_header":"","ocean_shortcode_after_header":"","ocean_has_shortcode":"","ocean_shortcode_after_title":"","ocean_shortcode_before_footer_widgets":"","ocean_shortcode_after_footer_widgets":"","ocean_shortcode_before_footer_bottom":"","ocean_shortcode_after_footer_bottom":"","ocean_display_top_bar":"default","ocean_display_header":"default","ocean_header_style":"","ocean_center_header_left_menu":"0","ocean_custom_header_template":"0","ocean_custom_logo":0,"ocean_custom_retina_logo":0,"ocean_custom_logo_max_width":0,"ocean_custom_logo_tablet_max_width":0,"ocean_custom_logo_mobile_max_width":0,"ocean_custom_logo_max_height":0,"ocean_custom_logo_tablet_max_height":0,"ocean_custom_logo_mobile_max_height":0,"ocean_header_custom_menu":"0","ocean_menu_typo_font_family":"0","ocean_menu_typo_font_subset":"","ocean_menu_typo_font_size":0,"ocean_menu_typo_font_size_tablet":0,"ocean_menu_typo_font_size_mobile":0,"ocean_menu_typo_font_size_unit":"px","ocean_menu_typo_font_weight":"","ocean_menu_typo_font_weight_tablet":"","ocean_menu_typo_font_weight_mobile":"","ocean_menu_typo_transform":"","ocean_menu_typo_transform_tablet":"","ocean_menu_typo_transform_mobile":"","ocean_menu_typo_line_height":0,"ocean_menu_typo_line_height_tablet":0,"ocean_menu_typo_line_height_mobile":0,"ocean_menu_typo_line_height_unit":"","ocean_menu_typo_spacing":0,"ocean_menu_typo_spacing_tablet":0,"ocean_menu_typo_spacing_mobile":0,"ocean_menu_typo_spacing_unit":"","ocean_menu_link_color":"","ocean_menu_link_color_hover":"","ocean_menu_link_color_active":"","ocean_menu_link_background":"","ocean_menu_link_hover_background":"","ocean_menu_link_active_background":"","ocean_menu_social_links_bg":"","ocean_menu_social_hover_links_bg":"","ocean_menu_social_links_color":"","ocean_menu_social_hover_links_color":"","ocean_disable_title":"default","ocean_disable_heading":"default","ocean_post_title":"","ocean_post_subheading":"","ocean_post_title_style":"","ocean_post_title_background_color":"","ocean_post_title_background":0,"ocean_post_title_bg_image_position":"","ocean_post_title_bg_image_attachment":"","ocean_post_title_bg_image_repeat":"","ocean_post_title_bg_image_size":"","ocean_post_title_height":0,"ocean_post_title_bg_overlay":0.5,"ocean_post_title_bg_overlay_color":"","ocean_disable_breadcrumbs":"default","ocean_breadcrumbs_color":"","ocean_breadcrumbs_separator_color":"","ocean_breadcrumbs_links_color":"","ocean_breadcrumbs_links_hover_color":"","ocean_display_footer_widgets":"default","ocean_display_footer_bottom":"default","ocean_custom_footer_template":"0","_glsr_average":0,"_glsr_ranking":0,"_glsr_reviews":0,"_joinchat":[],"footnotes":""},"class_list":["post-5379","page","type-page","status-publish","hentry","entry"],"_links":{"self":[{"href":"https:\/\/calmarte123.com\/en\/wp-json\/wp\/v2\/pages\/5379","targetHints":{"allow":["GET"]}}],"collection":[{"href":"https:\/\/calmarte123.com\/en\/wp-json\/wp\/v2\/pages"}],"about":[{"href":"https:\/\/calmarte123.com\/en\/wp-json\/wp\/v2\/types\/page"}],"author":[{"embeddable":true,"href":"https:\/\/calmarte123.com\/en\/wp-json\/wp\/v2\/users\/1"}],"replies":[{"embeddable":true,"href":"https:\/\/calmarte123.com\/en\/wp-json\/wp\/v2\/comments?post=5379"}],"version-history":[{"count":7,"href":"https:\/\/calmarte123.com\/en\/wp-json\/wp\/v2\/pages\/5379\/revisions"}],"predecessor-version":[{"id":5394,"href":"https:\/\/calmarte123.com\/en\/wp-json\/wp\/v2\/pages\/5379\/revisions\/5394"}],"wp:attachment":[{"href":"https:\/\/calmarte123.com\/en\/wp-json\/wp\/v2\/media?parent=5379"}],"curies":[{"name":"wp","href":"https:\/\/api.w.org\/{rel}","templated":true}]}}